{"id":4412,"date":"2025-11-04T10:38:53","date_gmt":"2025-11-04T09:38:53","guid":{"rendered":"https:\/\/serwer2077100.home.pl\/autoinstalator\/tompol2025\/kontakt\/"},"modified":"2026-01-09T10:24:21","modified_gmt":"2026-01-09T09:24:21","slug":"kontakt","status":"publish","type":"page","link":"https:\/\/meble-tompol.pl\/de\/kontakt\/","title":{"rendered":"Kontakt"},"content":{"rendered":"\t\t<div data-elementor-type=\"wp-page\" data-elementor-id=\"4412\" class=\"elementor elementor-4412 elementor-23\" data-elementor-post-type=\"page\">\n\t\t\t\t<div class=\"elementor-element elementor-element-df3abc1 e-flex e-con-boxed e-con e-parent\" data-id=\"df3abc1\" data-element_type=\"container\" data-settings=\"{&quot;background_background&quot;:&quot;classic&quot;}\">\n\t\t\t\t\t<div class=\"e-con-inner\">\n\t\t\t\t<div class=\"elementor-element elementor-element-d6cad67 animated-slow elementor-invisible elementor-widget elementor-widget-heading\" data-id=\"d6cad67\" data-element_type=\"widget\" data-settings=\"{&quot;_animation&quot;:&quot;fadeIn&quot;}\" data-widget_type=\"heading.default\">\n\t\t\t\t<div class=\"elementor-widget-container\">\n\t\t\t\t\t<h1 class=\"elementor-heading-title elementor-size-default\">Kontakt<\/h1>\t\t\t\t<\/div>\n\t\t\t\t<\/div>\n\t\t\t\t<div class=\"elementor-element elementor-element-0595941 animated-slow elementor-invisible elementor-widget elementor-widget-text-editor\" data-id=\"0595941\" data-element_type=\"widget\" data-settings=\"{&quot;_animation&quot;:&quot;fadeIn&quot;}\" data-widget_type=\"text-editor.default\">\n\t\t\t\t<div class=\"elementor-widget-container\">\n\t\t\t\t\t\t\t\t\t<p>Wir sind hier, um Ihnen zu helfen, ein Interieur voller Komfort und Stil zu schaffen. Kontaktieren Sie unser Team. <\/p>\t\t\t\t\t\t\t\t<\/div>\n\t\t\t\t<\/div>\n\t\t\t\t<div class=\"elementor-element elementor-element-4e55433 animated-slow elementor-invisible elementor-widget elementor-widget-button\" data-id=\"4e55433\" data-element_type=\"widget\" data-settings=\"{&quot;_animation&quot;:&quot;fadeInUp&quot;}\" data-widget_type=\"button.default\">\n\t\t\t\t<div class=\"elementor-widget-container\">\n\t\t\t\t\t\t\t\t\t<div class=\"elementor-button-wrapper\">\n\t\t\t\t\t<a class=\"elementor-button elementor-button-link elementor-size-sm\" href=\"#napisz-do-nas\">\n\t\t\t\t\t\t<span class=\"elementor-button-content-wrapper\">\n\t\t\t\t\t\t\t\t\t<span class=\"elementor-button-text\">Kontaktieren Sie uns<\/span>\n\t\t\t\t\t<\/span>\n\t\t\t\t\t<\/a>\n\t\t\t\t<\/div>\n\t\t\t\t\t\t\t\t<\/div>\n\t\t\t\t<\/div>\n\t\t\t\t\t<\/div>\n\t\t\t\t<\/div>\n\t\t<div class=\"elementor-element elementor-element-6112710 e-flex e-con-boxed e-con e-parent\" data-id=\"6112710\" data-element_type=\"container\">\n\t\t\t\t\t<div class=\"e-con-inner\">\n\t\t<div class=\"elementor-element elementor-element-4b989d1 e-con-full e-flex e-con e-child\" data-id=\"4b989d1\" data-element_type=\"container\">\n\t\t<div class=\"elementor-element elementor-element-37a74f4 e-con-full e-flex e-con e-child\" data-id=\"37a74f4\" data-element_type=\"container\">\n\t\t\t\t<div class=\"elementor-element elementor-element-b2eea89 elementor-widget elementor-widget-image\" data-id=\"b2eea89\" data-element_type=\"widget\" data-widget_type=\"image.default\">\n\t\t\t\t<div class=\"elementor-widget-container\">\n\t\t\t\t\t\t\t\t\t\t\t\t\t\t\t<img fetchpriority=\"high\" decoding=\"async\" width=\"503\" height=\"129\" src=\"https:\/\/meble-tompol.pl\/wp-content\/uploads\/2025\/12\/tom-pol-logo-glowne.svg\" class=\"attachment-full size-full wp-image-7184\" alt=\"\" \/>\t\t\t\t\t\t\t\t\t\t\t\t\t\t\t<\/div>\n\t\t\t\t<\/div>\n\t\t\t\t<div class=\"elementor-element elementor-element-92a5aa6 elementor-widget__width-initial no-margin elementor-widget elementor-widget-text-editor\" data-id=\"92a5aa6\" data-element_type=\"widget\" data-widget_type=\"text-editor.default\">\n\t\t\t\t<div class=\"elementor-widget-container\">\n\t\t\t\t\t\t\t\t\t<p><strong>M\u00d6BELFABRIK TOM-POL Tomasz Wr\u00f3bel sp. k.<\/strong><br>Opat\u00f3w, Str. Szpot 1a<br>63-645 \u0141\u0119ka Opatowska<br>NIP: 619-205-76-30<\/p>\t\t\t\t\t\t\t\t<\/div>\n\t\t\t\t<\/div>\n\t\t\t\t<\/div>\n\t\t<div class=\"elementor-element elementor-element-880341d e-con-full e-flex e-con e-child\" data-id=\"880341d\" data-element_type=\"container\">\n\t\t\t\t<div class=\"elementor-element elementor-element-e9ace77 jestesmy elementor-widget elementor-widget-heading\" data-id=\"e9ace77\" data-element_type=\"widget\" data-widget_type=\"heading.default\">\n\t\t\t\t<div class=\"elementor-widget-container\">\n\t\t\t\t\t<h4 class=\"elementor-heading-title elementor-size-default\">Wir stehen Ihnen zur Verf\u00fcgung<\/h4>\t\t\t\t<\/div>\n\t\t\t\t<\/div>\n\t\t\t\t<div class=\"elementor-element elementor-element-82aa51c elementor-widget__width-initial no-margin elementor-widget elementor-widget-text-editor\" data-id=\"82aa51c\" data-element_type=\"widget\" data-widget_type=\"text-editor.default\">\n\t\t\t\t<div class=\"elementor-widget-container\">\n\t\t\t\t\t\t\t\t\t<p>Unser Team gibt Ihnen gerne Auskunft \u00fcber Produkte, Kooperationsbedingungen und Lieferm\u00f6glichkeiten. Unabh\u00e4ngig davon, ob Sie ein M\u00f6belhaus oder einen Gro\u00dfh\u00e4ndler vertreten oder einen Hersteller f\u00fcr eine dauerhafte Zusammenarbeit suchen \u2013 schreiben oder rufen Sie uns an.<\/p>\t\t\t\t\t\t\t\t<\/div>\n\t\t\t\t<\/div>\n\t\t\t\t<\/div>\n\t\t\t\t<\/div>\n\t\t<div class=\"elementor-element elementor-element-0ad6fd3 e-con-full e-flex e-con e-child\" data-id=\"0ad6fd3\" data-element_type=\"container\" id=\"napisz-do-nas\">\n\t\t<div class=\"elementor-element elementor-element-8a45b2b e-con-full e-flex e-con e-child\" data-id=\"8a45b2b\" data-element_type=\"container\">\n\t\t\t\t<div class=\"elementor-element elementor-element-dd06185 elementor-widget elementor-widget-google_maps\" data-id=\"dd06185\" data-element_type=\"widget\" data-widget_type=\"google_maps.default\">\n\t\t\t\t<div class=\"elementor-widget-container\">\n\t\t\t\t\t\t\t<div class=\"elementor-custom-embed\">\n\t\t\t<iframe loading=\"lazy\"\n\t\t\t\t\tsrc=\"https:\/\/maps.google.com\/maps?q=Meble%20Tom%20Pol&#038;t=m&#038;z=8&#038;output=embed&#038;iwloc=near\"\n\t\t\t\t\ttitle=\"Meble Tom Pol\"\n\t\t\t\t\taria-label=\"Meble Tom Pol\"\n\t\t\t><\/iframe>\n\t\t<\/div>\n\t\t\t\t\t\t<\/div>\n\t\t\t\t<\/div>\n\t\t\t\t<\/div>\n\t\t<div class=\"elementor-element elementor-element-79d6112 e-con-full e-flex e-con e-child\" data-id=\"79d6112\" data-element_type=\"container\" data-settings=\"{&quot;background_background&quot;:&quot;classic&quot;}\">\n\t\t\t\t<div class=\"elementor-element elementor-element-ebe0790 elementor-widget elementor-widget-heading\" data-id=\"ebe0790\" data-element_type=\"widget\" data-widget_type=\"heading.default\">\n\t\t\t\t<div class=\"elementor-widget-container\">\n\t\t\t\t\t<h4 class=\"elementor-heading-title elementor-size-default\">Nachricht schreiben<\/h4>\t\t\t\t<\/div>\n\t\t\t\t<\/div>\n\t\t\t\t<div class=\"elementor-element elementor-element-c9c1e63 elementor-widget elementor-widget-wpforms\" data-id=\"c9c1e63\" data-element_type=\"widget\" data-widget_type=\"wpforms.default\">\n\t\t\t\t<div class=\"elementor-widget-container\">\n\t\t\t\t\t<div class=\"wpforms-container wpforms-render-modern\" id=\"wpforms-11\"><form id=\"wpforms-form-11\" class=\"wpforms-validate wpforms-form wpforms-ajax-form\" data-formid=\"11\" method=\"post\" enctype=\"multipart\/form-data\" action=\"\/de\/wp-json\/wp\/v2\/pages\/4412\" data-token=\"fe3308fc20f355399af35ed0b5398134\" data-token-time=\"1778602956\"><noscript class=\"wpforms-error-noscript\">Bitte aktiviere JavaScript in deinem Browser, um dieses Formular fertigzustellen.<\/noscript><div id=\"wpforms-error-noscript\" style=\"display: none;\">Bitte aktiviere JavaScript in deinem Browser, um dieses Formular fertigzustellen.<\/div><div class=\"wpforms-field-container\"><div id=\"wpforms-11-field_1-container\" class=\"wpforms-field wpforms-field-name\" data-field-id=\"1\"><label class=\"wpforms-field-label wpforms-label-hide\" for=\"wpforms-11-field_1\" aria-hidden=\"false\">Name <span class=\"wpforms-required-label\" aria-hidden=\"true\">*<\/span><\/label><input type=\"text\" id=\"wpforms-11-field_1\" class=\"wpforms-field-large wpforms-field-required\" name=\"wpforms[fields][1]\" placeholder=\"Name\" aria-errormessage=\"wpforms-11-field_1-error\" required><\/div><div id=\"wpforms-11-field_2-container\" class=\"wpforms-field wpforms-field-email\" data-field-id=\"2\"><label class=\"wpforms-field-label wpforms-label-hide\" for=\"wpforms-11-field_2\" aria-hidden=\"false\">E-Mail <span class=\"wpforms-required-label\" aria-hidden=\"true\">*<\/span><\/label><input type=\"email\" id=\"wpforms-11-field_2\" class=\"wpforms-field-large wpforms-field-required\" name=\"wpforms[fields][2]\" placeholder=\"E-Mail Adresse\" spellcheck=\"false\" aria-errormessage=\"wpforms-11-field_2-error\" required><\/div><div id=\"wpforms-11-field_4-container\" class=\"wpforms-field wpforms-field-email\" data-field-id=\"4\"><label class=\"wpforms-field-label wpforms-label-hide\" for=\"wpforms-11-field_4\" aria-hidden=\"false\">Telefon Nummer <span class=\"wpforms-required-label\" aria-hidden=\"true\">*<\/span><\/label><input type=\"email\" id=\"wpforms-11-field_4\" class=\"wpforms-field-large wpforms-field-required\" name=\"wpforms[fields][4]\" placeholder=\"Telefon Nummer\" spellcheck=\"false\" aria-errormessage=\"wpforms-11-field_4-error\" required><\/div><div id=\"wpforms-11-field_3-container\" class=\"wpforms-field wpforms-field-textarea\" data-field-id=\"3\"><label class=\"wpforms-field-label wpforms-label-hide\" for=\"wpforms-11-field_3\" aria-hidden=\"false\">Nachricht<\/label><textarea id=\"wpforms-11-field_3\" class=\"wpforms-field-medium\" name=\"wpforms[fields][3]\" placeholder=\"Inhalt der Nachricht\" aria-errormessage=\"wpforms-11-field_3-error\" ><\/textarea><\/div>\t\t<div id=\"wpforms-11-field_5-container\"\n\t\t\tclass=\"wpforms-field wpforms-field-text\"\n\t\t\tdata-field-type=\"text\"\n\t\t\tdata-field-id=\"5\"\n\t\t\t>\n\t\t\t<label class=\"wpforms-field-label\" for=\"wpforms-11-field_5\" >Kontrollk\u00e4stchen Name Telefon<\/label>\n\t\t\t<input type=\"text\" id=\"wpforms-11-field_5\" class=\"wpforms-field-medium\" name=\"wpforms[fields][5]\" >\n\t\t<\/div>\n\t\t<div id=\"wpforms-11-field_6-container\" class=\"wpforms-field wpforms-field-checkbox tompol-links\" data-field-id=\"6\"><fieldset><legend class=\"wpforms-field-label wpforms-label-hide\" aria-hidden=\"false\">Kontrollk\u00e4stchen <span class=\"wpforms-required-label\" aria-hidden=\"true\">*<\/span><\/legend><ul id=\"wpforms-11-field_6\" class=\"wpforms-field-required\"><li class=\"choice-1 depth-1\"><input type=\"checkbox\" id=\"wpforms-11-field_6_1\" name=\"wpforms[fields][6][]\" value=\"Ich stimme der Verarbeitung meiner Daten zum Zweck der Beantwortung meiner Anfrage gem\u00e4\u00df der &lt;a href=&quot;https:\/\/serwer2077100.home.pl\/autoinstalator\/tompol2025\/polityka-prywatnosci\/&quot;&gt;Datenschutzrichtlinie&lt;\/a&gt; zu.\" aria-errormessage=\"wpforms-11-field_6_1-error\" required ><label class=\"wpforms-field-label-inline\" for=\"wpforms-11-field_6_1\">Ich stimme der Verarbeitung meiner Daten zum Zweck der Beantwortung meiner Anfrage gem\u00e4\u00df der <a href=\"https:\/\/serwer2077100.home.pl\/autoinstalator\/tompol2025\/polityka-prywatnosci\/\">Datenschutzrichtlinie<\/a> zu.<\/label><\/li><\/ul><\/fieldset><\/div><script>\n\t\t\t\t( function() {\n\t\t\t\t\tconst style = document.createElement( 'style' );\n\t\t\t\t\tstyle.appendChild( document.createTextNode( '#wpforms-11-field_5-container { position: absolute !important; overflow: hidden !important; display: inline !important; height: 1px !important; width: 1px !important; z-index: -1000 !important; padding: 0 !important; } #wpforms-11-field_5-container input { visibility: hidden; } #wpforms-conversational-form-page #wpforms-11-field_5-container label { counter-increment: none; }' ) );\n\t\t\t\t\tdocument.head.appendChild( style );\n\t\t\t\t\tdocument.currentScript?.remove();\n\t\t\t\t} )();\n\t\t\t<\/script><\/div><!-- .wpforms-field-container --><div class=\"wpforms-submit-container\" ><input type=\"hidden\" name=\"wpforms[id]\" value=\"11\"><input type=\"hidden\" name=\"page_title\" value=\"\"><input type=\"hidden\" name=\"page_url\" value=\"https:\/\/meble-tompol.pl\/de\/wp-json\/wp\/v2\/pages\/4412\"><input type=\"hidden\" name=\"url_referer\" value=\"\"><button type=\"submit\" name=\"wpforms[submit]\" id=\"wpforms-submit-11\" class=\"wpforms-submit\" data-alt-text=\"Senden Sie...\" data-submit-text=\"Senden Sie eine Nachricht\" aria-live=\"assertive\" value=\"wpforms-submit\">Senden Sie eine Nachricht<\/button><img decoding=\"async\" src=\"https:\/\/meble-tompol.pl\/wp-content\/plugins\/wpforms-lite\/assets\/images\/submit-spin.svg\" class=\"wpforms-submit-spinner\" style=\"display: none;\" width=\"26\" height=\"26\" alt=\"Wird geladen\"><\/div><\/form><\/div>  <!-- .wpforms-container -->\t\t\t\t<\/div>\n\t\t\t\t<\/div>\n\t\t\t\t<\/div>\n\t\t\t\t<\/div>\n\t\t\t\t\t<\/div>\n\t\t\t\t<\/div>\n\t\t<div class=\"elementor-element elementor-element-8f2c7de e-grid e-con-boxed e-con e-parent\" data-id=\"8f2c7de\" data-element_type=\"container\" data-settings=\"{&quot;background_background&quot;:&quot;classic&quot;}\">\n\t\t\t\t\t<div class=\"e-con-inner\">\n\t\t<div class=\"elementor-element elementor-element-ac6c604 e-con-full e-flex e-con e-child\" data-id=\"ac6c604\" data-element_type=\"container\" data-settings=\"{&quot;background_background&quot;:&quot;classic&quot;}\">\n\t\t\t\t<div class=\"elementor-element elementor-element-156c6c6 elementor-view-stacked tompol-links elementor-shape-circle elementor-position-block-start elementor-mobile-position-block-start elementor-widget elementor-widget-icon-box\" data-id=\"156c6c6\" data-element_type=\"widget\" data-widget_type=\"icon-box.default\">\n\t\t\t\t<div class=\"elementor-widget-container\">\n\t\t\t\t\t\t\t<div class=\"elementor-icon-box-wrapper\">\n\n\t\t\t\t\t\t<div class=\"elementor-icon-box-icon\">\n\t\t\t\t<span  class=\"elementor-icon\">\n\t\t\t\t<svg aria-hidden=\"true\" class=\"e-font-icon-svg e-fas-phone-alt\" viewBox=\"0 0 512 512\" xmlns=\"http:\/\/www.w3.org\/2000\/svg\"><path d=\"M497.39 361.8l-112-48a24 24 0 0 0-28 6.9l-49.6 60.6A370.66 370.66 0 0 1 130.6 204.11l60.6-49.6a23.94 23.94 0 0 0 6.9-28l-48-112A24.16 24.16 0 0 0 122.6.61l-104 24A24 24 0 0 0 0 48c0 256.5 207.9 464 464 464a24 24 0 0 0 23.4-18.6l24-104a24.29 24.29 0 0 0-14.01-27.6z\"><\/path><\/svg>\t\t\t\t<\/span>\n\t\t\t<\/div>\n\t\t\t\n\t\t\t\t\t\t<div class=\"elementor-icon-box-content\">\n\n\t\t\t\t\t\t\t\t\t<h4 class=\"elementor-icon-box-title\">\n\t\t\t\t\t\t<span  >\n\t\t\t\t\t\t\tTelefon\t\t\t\t\t\t<\/span>\n\t\t\t\t\t<\/h4>\n\t\t\t\t\n\t\t\t\t\t\t\t\t\t<p class=\"elementor-icon-box-description\">\n\t\t\t\t\t\tB\u00fcro: <a href=\"tel:+48627813330\">+48 62 781 33 30<\/a><br>Shop: <a href=\"tel:+48627813333\">+48 62 781 33 33<\/a>\t\t\t\t\t<\/p>\n\t\t\t\t\n\t\t\t<\/div>\n\t\t\t\n\t\t<\/div>\n\t\t\t\t\t\t<\/div>\n\t\t\t\t<\/div>\n\t\t\t\t<\/div>\n\t\t<div class=\"elementor-element elementor-element-ac1753e e-con-full e-flex e-con e-child\" data-id=\"ac1753e\" data-element_type=\"container\" data-settings=\"{&quot;background_background&quot;:&quot;classic&quot;}\">\n\t\t\t\t<div class=\"elementor-element elementor-element-d59132f elementor-view-stacked tompol-links elementor-shape-circle elementor-position-block-start elementor-mobile-position-block-start elementor-widget elementor-widget-icon-box\" data-id=\"d59132f\" data-element_type=\"widget\" data-widget_type=\"icon-box.default\">\n\t\t\t\t<div class=\"elementor-widget-container\">\n\t\t\t\t\t\t\t<div class=\"elementor-icon-box-wrapper\">\n\n\t\t\t\t\t\t<div class=\"elementor-icon-box-icon\">\n\t\t\t\t<span  class=\"elementor-icon\">\n\t\t\t\t<svg aria-hidden=\"true\" class=\"e-font-icon-svg e-fas-envelope\" viewBox=\"0 0 512 512\" xmlns=\"http:\/\/www.w3.org\/2000\/svg\"><path d=\"M502.3 190.8c3.9-3.1 9.7-.2 9.7 4.7V400c0 26.5-21.5 48-48 48H48c-26.5 0-48-21.5-48-48V195.6c0-5 5.7-7.8 9.7-4.7 22.4 17.4 52.1 39.5 154.1 113.6 21.1 15.4 56.7 47.8 92.2 47.6 35.7.3 72-32.8 92.3-47.6 102-74.1 131.6-96.3 154-113.7zM256 320c23.2.4 56.6-29.2 73.4-41.4 132.7-96.3 142.8-104.7 173.4-128.7 5.8-4.5 9.2-11.5 9.2-18.9v-19c0-26.5-21.5-48-48-48H48C21.5 64 0 85.5 0 112v19c0 7.4 3.4 14.3 9.2 18.9 30.6 23.9 40.7 32.4 173.4 128.7 16.8 12.2 50.2 41.8 73.4 41.4z\"><\/path><\/svg>\t\t\t\t<\/span>\n\t\t\t<\/div>\n\t\t\t\n\t\t\t\t\t\t<div class=\"elementor-icon-box-content\">\n\n\t\t\t\t\t\t\t\t\t<h4 class=\"elementor-icon-box-title\">\n\t\t\t\t\t\t<span  >\n\t\t\t\t\t\t\tE-Mail\t\t\t\t\t\t<\/span>\n\t\t\t\t\t<\/h4>\n\t\t\t\t\n\t\t\t\t\t\t\t\t\t<p class=\"elementor-icon-box-description\">\n\t\t\t\t\t\tB\u00fcro: <a href=\"mailto:biuro@meble-tompol.pl\">biuro@meble-tompol.pl<\/a><br>Shop: <a href=\"mailto:sklep@meblewypoczynkowe.pl\">sklep@meblewypoczynkowe.pl<\/a>\t\t\t\t\t<\/p>\n\t\t\t\t\n\t\t\t<\/div>\n\t\t\t\n\t\t<\/div>\n\t\t\t\t\t\t<\/div>\n\t\t\t\t<\/div>\n\t\t\t\t<\/div>\n\t\t<div class=\"elementor-element elementor-element-5dcacb4 e-con-full e-flex e-con e-child\" data-id=\"5dcacb4\" data-element_type=\"container\" data-settings=\"{&quot;background_background&quot;:&quot;classic&quot;}\">\n\t\t\t\t<div class=\"elementor-element elementor-element-21e4892 elementor-view-stacked elementor-shape-circle elementor-position-block-start elementor-mobile-position-block-start elementor-widget elementor-widget-icon-box\" data-id=\"21e4892\" data-element_type=\"widget\" data-widget_type=\"icon-box.default\">\n\t\t\t\t<div class=\"elementor-widget-container\">\n\t\t\t\t\t\t\t<div class=\"elementor-icon-box-wrapper\">\n\n\t\t\t\t\t\t<div class=\"elementor-icon-box-icon\">\n\t\t\t\t<span  class=\"elementor-icon\">\n\t\t\t\t<svg aria-hidden=\"true\" class=\"e-font-icon-svg e-fas-map-marker-alt\" viewBox=\"0 0 384 512\" xmlns=\"http:\/\/www.w3.org\/2000\/svg\"><path d=\"M172.268 501.67C26.97 291.031 0 269.413 0 192 0 85.961 85.961 0 192 0s192 85.961 192 192c0 77.413-26.97 99.031-172.268 309.67-9.535 13.774-29.93 13.773-39.464 0zM192 272c44.183 0 80-35.817 80-80s-35.817-80-80-80-80 35.817-80 80 35.817 80 80 80z\"><\/path><\/svg>\t\t\t\t<\/span>\n\t\t\t<\/div>\n\t\t\t\n\t\t\t\t\t\t<div class=\"elementor-icon-box-content\">\n\n\t\t\t\t\t\t\t\t\t<h4 class=\"elementor-icon-box-title\">\n\t\t\t\t\t\t<span  >\n\t\t\t\t\t\t\tFirmensitz\t\t\t\t\t\t<\/span>\n\t\t\t\t\t<\/h4>\n\t\t\t\t\n\t\t\t\t\t\t\t\t\t<p class=\"elementor-icon-box-description\">\n\t\t\t\t\t\tOpat\u00f3w, ul. Szpot 1a<br>63-645 \u0141\u0119ka Opatowska \t\t\t\t\t<\/p>\n\t\t\t\t\n\t\t\t<\/div>\n\t\t\t\n\t\t<\/div>\n\t\t\t\t\t\t<\/div>\n\t\t\t\t<\/div>\n\t\t\t\t<\/div>\n\t\t\t\t\t<\/div>\n\t\t\t\t<\/div>\n\t\t<div class=\"elementor-element elementor-element-f6c44ff e-flex e-con-boxed e-con e-parent\" data-id=\"f6c44ff\" data-element_type=\"container\">\n\t\t\t\t\t<div class=\"e-con-inner\">\n\t\t<div class=\"elementor-element elementor-element-b733fed e-con-full e-flex e-con e-child\" data-id=\"b733fed\" data-element_type=\"container\">\n\t\t\t\t<div class=\"elementor-element elementor-element-515b07b elementor-widget elementor-widget-heading\" data-id=\"515b07b\" data-element_type=\"widget\" data-widget_type=\"heading.default\">\n\t\t\t\t<div class=\"elementor-widget-container\">\n\t\t\t\t\t<h2 class=\"elementor-heading-title elementor-size-default\">Wir sind in ganz Europa t\u00e4tig \u2013 pr\u00fcfen Sie unsere Reichweite<\/h2>\t\t\t\t<\/div>\n\t\t\t\t<\/div>\n\t\t\t\t<div class=\"elementor-element elementor-element-04a6f4f elementor-widget__width-initial elementor-widget elementor-widget-text-editor\" data-id=\"04a6f4f\" data-element_type=\"widget\" data-widget_type=\"text-editor.default\">\n\t\t\t\t<div class=\"elementor-widget-container\">\n\t\t\t\t\t\t\t\t\t<p>TOM-POL Produkte erreichen Kunden in vielen europ\u00e4ischen L\u00e4ndern, wo sie f\u00fcr ihre Qualit\u00e4t und ihren Nutzungskomfort gesch\u00e4tzt werden. Unser Angebot ist sowohl auf west- als auch auf mitteleurop\u00e4ischen M\u00e4rkten pr\u00e4sent, was seinen zeitlosen Charakter und seine breite Anwendbarkeit best\u00e4tigt. Wir sind stolz darauf, dass unsere M\u00f6bel H\u00e4user, Hotels und Gewerbefl\u00e4chen in verschiedenen Teilen des Kontinents ausstatten.  <\/p>\t\t\t\t\t\t\t\t<\/div>\n\t\t\t\t<\/div>\n\t\t\t\t<\/div>\n\t\t<div class=\"elementor-element elementor-element-f7c8db7 e-con-full e-flex e-con e-child\" data-id=\"f7c8db7\" data-element_type=\"container\">\n\t\t\t\t<div class=\"elementor-element elementor-element-9bec507 elementor-widget elementor-widget-image\" data-id=\"9bec507\" data-element_type=\"widget\" data-widget_type=\"image.default\">\n\t\t\t\t<div class=\"elementor-widget-container\">\n\t\t\t\t\t\t\t\t\t\t\t\t\t\t\t<img decoding=\"async\" width=\"4016\" height=\"4001\" src=\"https:\/\/meble-tompol.pl\/wp-content\/uploads\/2025\/12\/mapa-zasiegu-tompol-1.svg\" class=\"attachment-full size-full wp-image-7406\" alt=\"\" \/>\t\t\t\t\t\t\t\t\t\t\t\t\t\t\t<\/div>\n\t\t\t\t<\/div>\n\t\t\t\t<\/div>\n\t\t\t\t\t<\/div>\n\t\t\t\t<\/div>\n\t\t<div class=\"elementor-element elementor-element-b8a38dc e-con-full e-flex e-con e-parent\" data-id=\"b8a38dc\" data-element_type=\"container\" data-settings=\"{&quot;background_background&quot;:&quot;classic&quot;}\">\n\t\t\t\t<\/div>\n\t\t\t\t<\/div>\n\t\t","protected":false},"excerpt":{"rendered":"<p>Kontakt Wir sind hier, um Ihnen zu helfen, ein Interieur voller Komfort und Stil zu schaffen. Kontaktieren Sie unser Team. [&hellip;]<\/p>\n","protected":false},"author":1,"featured_media":0,"parent":0,"menu_order":0,"comment_status":"closed","ping_status":"closed","template":"","meta":{"site-sidebar-layout":"no-sidebar","site-content-layout":"","ast-site-content-layout":"full-width-container","site-content-style":"unboxed","site-sidebar-style":"unboxed","ast-global-header-display":"","ast-banner-title-visibility":"","ast-main-header-display":"","ast-hfb-above-header-display":"","ast-hfb-below-header-display":"","ast-hfb-mobile-header-display":"","site-post-title":"disabled","ast-breadcrumbs-content":"","ast-featured-img":"disabled","footer-sml-layout":"","theme-transparent-header-meta":"enabled","adv-header-id-meta":"","stick-header-meta":"","header-above-stick-meta":"","header-main-stick-meta":"","header-below-stick-meta":"","astra-migrate-meta-layouts":"default","ast-page-background-enabled":"default","ast-page-background-meta":{"desktop":{"background-color":"var(--ast-global-color-4)","background-image":"","background-repeat":"repeat","background-position":"center center","background-size":"auto","background-attachment":"scroll","background-type":"","background-media":"","overlay-type":"","overlay-color":"","overlay-opacity":"","overlay-gradient":""},"tablet":{"background-color":"","background-image":"","background-repeat":"repeat","background-position":"center center","background-size":"auto","background-attachment":"scroll","background-type":"","background-media":"","overlay-type":"","overlay-color":"","overlay-opacity":"","overlay-gradient":""},"mobile":{"background-color":"","background-image":"","background-repeat":"repeat","background-position":"center center","background-size":"auto","background-attachment":"scroll","background-type":"","background-media":"","overlay-type":"","overlay-color":"","overlay-opacity":"","overlay-gradient":""}},"ast-content-background-meta":{"desktop":{"background-color":"var(--ast-global-color-5)","background-image":"","background-repeat":"repeat","background-position":"center center","background-size":"auto","background-attachment":"scroll","background-type":"","background-media":"","overlay-type":"","overlay-color":"","overlay-opacity":"","overlay-gradient":""},"tablet":{"background-color":"var(--ast-global-color-5)","background-image":"","background-repeat":"repeat","background-position":"center center","background-size":"auto","background-attachment":"scroll","background-type":"","background-media":"","overlay-type":"","overlay-color":"","overlay-opacity":"","overlay-gradient":""},"mobile":{"background-color":"var(--ast-global-color-5)","background-image":"","background-repeat":"repeat","background-position":"center center","background-size":"auto","background-attachment":"scroll","background-type":"","background-media":"","overlay-type":"","overlay-color":"","overlay-opacity":"","overlay-gradient":""}},"footnotes":""},"class_list":["post-4412","page","type-page","status-publish","hentry"],"_links":{"self":[{"href":"https:\/\/meble-tompol.pl\/de\/wp-json\/wp\/v2\/pages\/4412","targetHints":{"allow":["GET"]}}],"collection":[{"href":"https:\/\/meble-tompol.pl\/de\/wp-json\/wp\/v2\/pages"}],"about":[{"href":"https:\/\/meble-tompol.pl\/de\/wp-json\/wp\/v2\/types\/page"}],"author":[{"embeddable":true,"href":"https:\/\/meble-tompol.pl\/de\/wp-json\/wp\/v2\/users\/1"}],"replies":[{"embeddable":true,"href":"https:\/\/meble-tompol.pl\/de\/wp-json\/wp\/v2\/comments?post=4412"}],"version-history":[{"count":25,"href":"https:\/\/meble-tompol.pl\/de\/wp-json\/wp\/v2\/pages\/4412\/revisions"}],"predecessor-version":[{"id":10847,"href":"https:\/\/meble-tompol.pl\/de\/wp-json\/wp\/v2\/pages\/4412\/revisions\/10847"}],"wp:attachment":[{"href":"https:\/\/meble-tompol.pl\/de\/wp-json\/wp\/v2\/media?parent=4412"}],"curies":[{"name":"wp","href":"https:\/\/api.w.org\/{rel}","templated":true}]}}